{"id":1055,"date":"2020-07-29T19:53:16","date_gmt":"2020-07-29T17:53:16","guid":{"rendered":"https:\/\/lagabare.apmlc41.fr\/?page_id=1055"},"modified":"2020-07-29T20:46:12","modified_gmt":"2020-07-29T18:46:12","slug":"comptoirs","status":"publish","type":"page","link":"https:\/\/lagabare.apmlc41.fr\/index.php\/l-association\/comptoirs\/","title":{"rendered":"Comptoirs"},"content":{"rendered":"\n<div class=\"wp-block-themeisle-blocks-advanced-columns alignfull has-1-columns has-desktop-equal-layout has-tablet-equal-layout has-mobile-equal-layout has-nogap-gap has-vertical-unset\" id=\"wp-block-themeisle-blocks-advanced-columns-b70f8ea2\"><div class=\"wp-block-themeisle-blocks-advanced-columns-overlay\"><\/div><div class=\"innerblocks-wrap\">\n<div class=\"wp-block-themeisle-blocks-advanced-column\" id=\"wp-block-themeisle-blocks-advanced-column-0dee851a\">\n<div id=\"wp-block-themeisle-blocks-advanced-heading-e067f7b8\" class=\"wp-block-themeisle-blocks-advanced-heading wp-block-themeisle-blocks-advanced-heading-e067f7b8\">02<\/div>\n\n\n\n<h2 id=\"wp-block-themeisle-blocks-advanced-heading-6428c666\" class=\"wp-block-themeisle-blocks-advanced-heading wp-block-themeisle-blocks-advanced-heading-6428c666\">Comptoirs d&rsquo;\u00e9changes<\/h2>\n\n\n\n<div id=\"wp-block-themeisle-blocks-advanced-heading-0be2f812\" class=\"wp-block-themeisle-blocks-advanced-heading wp-block-themeisle-blocks-advanced-heading-0be2f812\">Apr\u00e8s avoir adh\u00e9r\u00e9 \u00e0 l\u2019association, vous pourrez changer des euros contre des Gabares aux comptoirs d&rsquo;\u00e9changes. <br><br>Bien entendu, si vous n\u2019avez pas encore\u00a0<a href=\"https:\/\/www.helloasso.com\/associations\/apmlc-41\">adh\u00e9r\u00e9 en ligne \u00e0 l\u2019association<\/a>, vous pourrez le faire dans l\u2019un des\u00a0comptoirs d&rsquo;\u00e9changes.<\/div>\n\n\n\n<div class=\"wp-block-themeisle-blocks-advanced-columns has-4-columns has-desktop-equal-layout has-tablet-twoColumnGrid-layout has-mobile-collapsedRows-layout has-extended-gap has-vertical-unset\" id=\"wp-block-themeisle-blocks-advanced-columns-6cab616b\"><div class=\"wp-block-themeisle-blocks-advanced-columns-overlay\"><\/div><div class=\"innerblocks-wrap\">\n<div class=\"wp-block-themeisle-blocks-advanced-column\" id=\"wp-block-themeisle-blocks-advanced-column-f09ce833\">\n<div class=\"wp-block-themeisle-blocks-service\">\n<div class=\"wp-block-image\"><figure class=\"aligncenter size-large\"><img loading=\"lazy\" decoding=\"async\" width=\"800\" height=\"800\" src=\"https:\/\/lagabare.apmlc41.fr\/wp-content\/uploads\/2018\/10\/strawberry-smoothie1.jpg\" alt=\"\" class=\"wp-image-233\"\/><\/figure><\/div>\n\n\n\n<h6 id=\"wp-block-themeisle-blocks-advanced-heading-c8576345\" class=\"wp-block-themeisle-blocks-advanced-heading wp-block-themeisle-blocks-advanced-heading-c8576345\">Le 102<\/h6>\n\n\n\n<p id=\"wp-block-themeisle-blocks-advanced-heading-a40f426b\" class=\"wp-block-themeisle-blocks-advanced-heading wp-block-themeisle-blocks-advanced-heading-a40f426b\">Art, Antiquit\u00e9 et Bar<br><strong>Vend\u00f4me<\/strong><\/p>\n<\/div>\n<\/div>\n\n\n\n<div class=\"wp-block-themeisle-blocks-advanced-column\" id=\"wp-block-themeisle-blocks-advanced-column-3f922e58\">\n<div class=\"wp-block-themeisle-blocks-service\">\n<div class=\"wp-block-image\"><figure class=\"aligncenter size-large\"><img loading=\"lazy\" decoding=\"async\" width=\"800\" height=\"800\" src=\"https:\/\/lagabare.apmlc41.fr\/wp-content\/uploads\/2018\/10\/fruit-mix-smoothie1-1.jpg\" alt=\"\" class=\"wp-image-224\"\/><\/figure><\/div>\n\n\n\n<h6 id=\"wp-block-themeisle-blocks-advanced-heading-04f5b251\" class=\"wp-block-themeisle-blocks-advanced-heading wp-block-themeisle-blocks-advanced-heading-04f5b251\">Saveurs de la Terre<\/h6>\n\n\n\n<p id=\"wp-block-themeisle-blocks-advanced-heading-d1719d5d\" class=\"wp-block-themeisle-blocks-advanced-heading wp-block-themeisle-blocks-advanced-heading-d1719d5d\">Magasin Bio<br><strong>Vend\u00f4me<\/strong><\/p>\n\n\n\n<p><\/p>\n<\/div>\n<\/div>\n\n\n\n<div class=\"wp-block-themeisle-blocks-advanced-column\" id=\"wp-block-themeisle-blocks-advanced-column-216f3a06\">\n<div class=\"wp-block-themeisle-blocks-service\"><\/div>\n<\/div>\n\n\n\n<div class=\"wp-block-themeisle-blocks-advanced-column\" id=\"wp-block-themeisle-blocks-advanced-column-e7975143\">\n<div class=\"wp-block-themeisle-blocks-service\"><\/div>\n<\/div>\n<\/div><\/div>\n<\/div>\n<\/div><\/div>\n","protected":false},"excerpt":{"rendered":"","protected":false},"author":2,"featured_media":0,"parent":768,"menu_order":0,"comment_status":"closed","ping_status":"closed","template":"","meta":{"neve_meta_sidebar":"full-width","neve_meta_container":"","neve_meta_enable_content_width":"on","neve_meta_content_width":100,"neve_meta_title_alignment":"","neve_meta_author_avatar":"","neve_post_elements_order":"","neve_meta_disable_header":"","neve_meta_disable_footer":"","neve_meta_disable_title":"","_themeisle_gutenberg_block_has_review":false,"footnotes":""},"class_list":["post-1055","page","type-page","status-publish","hentry"],"_links":{"self":[{"href":"https:\/\/lagabare.apmlc41.fr\/index.php\/wp-json\/wp\/v2\/pages\/1055","targetHints":{"allow":["GET"]}}],"collection":[{"href":"https:\/\/lagabare.apmlc41.fr\/index.php\/wp-json\/wp\/v2\/pages"}],"about":[{"href":"https:\/\/lagabare.apmlc41.fr\/index.php\/wp-json\/wp\/v2\/types\/page"}],"author":[{"embeddable":true,"href":"https:\/\/lagabare.apmlc41.fr\/index.php\/wp-json\/wp\/v2\/users\/2"}],"replies":[{"embeddable":true,"href":"https:\/\/lagabare.apmlc41.fr\/index.php\/wp-json\/wp\/v2\/comments?post=1055"}],"version-history":[{"count":10,"href":"https:\/\/lagabare.apmlc41.fr\/index.php\/wp-json\/wp\/v2\/pages\/1055\/revisions"}],"predecessor-version":[{"id":1158,"href":"https:\/\/lagabare.apmlc41.fr\/index.php\/wp-json\/wp\/v2\/pages\/1055\/revisions\/1158"}],"up":[{"embeddable":true,"href":"https:\/\/lagabare.apmlc41.fr\/index.php\/wp-json\/wp\/v2\/pages\/768"}],"wp:attachment":[{"href":"https:\/\/lagabare.apmlc41.fr\/index.php\/wp-json\/wp\/v2\/media?parent=1055"}],"curies":[{"name":"wp","href":"https:\/\/api.w.org\/{rel}","templated":true}]}}