{"id":823,"date":"2020-06-01T17:45:23","date_gmt":"2020-06-01T15:45:23","guid":{"rendered":"http:\/\/lagabare.apmlc41.fr\/?page_id=823"},"modified":"2025-06-18T15:33:29","modified_gmt":"2025-06-18T13:33:29","slug":"mentions-legales","status":"publish","type":"page","link":"https:\/\/lagabare.apmlc41.fr\/index.php\/mentions-legales\/","title":{"rendered":"Mentions L\u00e9gales"},"content":{"rendered":"\n<p><strong>Article 1 &#8211; Editeur du site<\/strong><\/p>\n\n\n\n<p>Ce site est \u00e9dit\u00e9 par l&rsquo;association, <strong>APMLC41<\/strong>, 54 rue du XX\u00e8me Chasseurs, 41100 Vend\u00f4me.<br>Directrice de la publication : <strong>Brigitte Melay<\/strong><br>Cr\u00e9ation et mise \u00e0 jour des contenus : <strong>APMLC41<\/strong><br>Cr\u00e9dits photos : <strong>unsplash &#8211; Tous droits r\u00e9serv\u00e9s<\/strong> &#8211; Photos par\u00a0<a href=\"https:\/\/unsplash.com\/@whynottogoforit?utm_source=unsplash&amp;utm_medium=referral&amp;utm_content=creditCopyText\">Renate Vanaga<\/a>, \u00a0<a href=\"https:\/\/unsplash.com\/@mael_bld?utm_source=unsplash&amp;utm_medium=referral&amp;utm_content=creditCopyText\">Mael BALLAND<\/a>, \u00a0<a href=\"https:\/\/unsplash.com\/@clemono2?utm_source=unsplash&amp;utm_medium=referral&amp;utm_content=creditCopyText\">Clem Onojeghuo<\/a>, \u00a0<a href=\"https:\/\/unsplash.com\/@acreativegangster?utm_source=unsplash&amp;utm_medium=referral&amp;utm_content=creditCopyText\">Allie<\/a>.<\/p>\n\n\n\n<p><strong>Thenounproject<\/strong> : <a href=\"https:\/\/thenounproject.com\/YesPhotographers\/\">Daniela Simona Temneanu<\/a>, <a href=\"https:\/\/thenounproject.com\/YesPhotographers\/\">Daniela Simona Temneanu<\/a><\/p>\n\n\n\n<p><br>R\u00e9alisation et Cr\u00e9ation graphique : <strong>Ng multim\u00e9dia<br><\/strong>H\u00e9bergement : <strong>OVH, <\/strong>2 Rue Kellermann, 59100 Roubaix<\/p>\n\n\n\n<p><strong>Article 2 &#8211; Donn\u00e9es personnelles<\/strong><\/p>\n\n\n\n<p>Le site de <strong>APMLC41<\/strong> met en \u0153uvre plusieurs traitements de donn\u00e9es personnelles visant \u00e0 communiquer avec l&rsquo;internaute pour r\u00e9pondre \u00e0 ses demandes via les formulaires, \u00e0 lui envoyer une newsletter lorsqu&rsquo;il s&rsquo;est abonn\u00e9 volontairement, et \u00e0 mesurer l&rsquo;audience du site via Google Analytics.<\/p>\n\n\n\n<p>Les donn\u00e9es collect\u00e9es sont destin\u00e9es uniquement par les membres de l&rsquo;association habilit\u00e9s \u00e0 traiter les demandes des usagers.<\/p>\n\n\n\n<p>Les donn\u00e9es des formulaires sont totalement effac\u00e9es au bout d&rsquo;une p\u00e9riode de conservation de deux ans.<\/p>\n\n\n\n<p>Les adresses IP des visiteurs ainsi que les informations de navigation sont collect\u00e9es par la soci\u00e9t\u00e9 Google Inc., et sont trait\u00e9es sur des serveurs situ\u00e9s aux Etats-Unis.<\/p>\n\n\n\n<p><strong>Article 3 &#8211; Informatique et libert\u00e9s<\/strong><\/p>\n\n\n\n<p>Le site de <strong>APMLC41<\/strong> entre dans le cadre de la dispense n\u00b07 concernant les traitements de donn\u00e9es personnelles mis en oeuvre par tout organisme priv\u00e9 ou public \u00e0 des fins d&rsquo;information et de communication externe.<\/p>\n\n\n\n<p>Conform\u00e9ment \u00e0 la loi informatique et libert\u00e9s, vous disposez d&rsquo;un droit d&rsquo;acc\u00e8s, de rectification et de suppression des informations qui vous concernent. Vous pouvez exercer ce droit en utilisant le formulaire contact de ce site.<\/p>\n\n\n\n<p><strong>Article 4 &#8211; Cookies<\/strong><\/p>\n\n\n\n<p>L&rsquo;enregistrement de vos donn\u00e9es dans les formulaires peut occasionner l&rsquo;utilisation d&rsquo;un cookie stock\u00e9 sur le disque dur de votre ordinateur. Les cookies n&rsquo;ont pas pour objectif de collecter des donn\u00e9es personnelles. Ils facilitent notamment votre saisie d&rsquo;information lors des remplissages de champs dans les formulaires.<\/p>\n\n\n\n<p>Des cookies de session sont employ\u00e9s pour analyser la fr\u00e9quentation du site. Vous pouvez d\u00e9sactiver l&rsquo;utilisation de cookies en s\u00e9lectionnant les param\u00e8tres appropri\u00e9s de votre navigateur internet.<\/p>\n\n\n\n<p><strong>Article 5 &#8211; Propri\u00e9t\u00e9 intellectuelle<\/strong><\/p>\n\n\n\n<p>Tout le contenu du site est soumis \u00e0 la l\u00e9gislation en vigueur sur le droit d&rsquo;auteur. Conform\u00e9ment \u00e0 l\u2019article L. 122-4 du Code de la propri\u00e9t\u00e9 intellectuelle fran\u00e7aise, il est interdit de reproduire, copier, modifier, transmettre, diffuser de toute mani\u00e8re que ce soit, m\u00eame partiellement, sur tout type de support, tout \u00e9l\u00e9ment provenant de ce site sans l\u2019autorisation explicite et pr\u00e9alable de <strong>APMLC41<\/strong>. Toute reproduction, repr\u00e9sentation ou utilisation autoris\u00e9e d\u2019un \u00e9l\u00e9ment constitutif du site Web doit mentionner la phrase suivante : \u00a9 2025 <strong>APMLC41<\/strong> &#8211; Tous droits r\u00e9serv\u00e9s. Conform\u00e9ment \u00e0 l\u2019article L.122-5, alin\u00e9a premier, du Code de la propri\u00e9t\u00e9 intellectuelle, la reproduction d\u2019un \u00e9l\u00e9ment du site \u00e0 des fins personnelles et pour un usage priv\u00e9 est autoris\u00e9e.<\/p>\n\n\n\n<p><strong>Article 6 &#8211; Responsabilit\u00e9<\/strong><\/p>\n\n\n\n<p>Les liens hypertextes pointant vers le contenu des sites externes n&rsquo;engagent en aucun cas la responsabilit\u00e9 de l&rsquo;association <strong>APMLC41<\/strong>.<\/p>\n","protected":false},"excerpt":{"rendered":"<p>Article 1 &#8211; Editeur du site Ce site est \u00e9dit\u00e9 par l&rsquo;association, APMLC41, 54 rue du XX\u00e8me Chasseurs, 41100 Vend\u00f4me.Directrice de la publication : Brigitte MelayCr\u00e9ation et mise \u00e0 jour des contenus : APMLC41Cr\u00e9dits photos : unsplash &#8211; Tous droits r\u00e9serv\u00e9s &#8211; Photos par\u00a0Renate Vanaga, \u00a0Mael BALLAND, \u00a0Clem Onojeghuo, \u00a0Allie. Thenounproject : Daniela Simona Temneanu,&hellip;&nbsp;<a href=\"https:\/\/lagabare.apmlc41.fr\/index.php\/mentions-legales\/\" rel=\"bookmark\">Lire la suite &raquo;<span class=\"screen-reader-text\">Mentions L\u00e9gales<\/span><\/a><\/p>\n","protected":false},"author":2,"featured_media":0,"parent":0,"menu_order":0,"comment_status":"closed","ping_status":"closed","template":"","meta":{"neve_meta_sidebar":"full-width","neve_meta_container":"","neve_meta_enable_content_width":"on","neve_meta_content_width":100,"neve_meta_title_alignment":"","neve_meta_author_avatar":"","neve_post_elements_order":"","neve_meta_disable_header":"","neve_meta_disable_footer":"","neve_meta_disable_title":"","_themeisle_gutenberg_block_has_review":false,"footnotes":""},"class_list":["post-823","page","type-page","status-publish","hentry"],"_links":{"self":[{"href":"https:\/\/lagabare.apmlc41.fr\/index.php\/wp-json\/wp\/v2\/pages\/823","targetHints":{"allow":["GET"]}}],"collection":[{"href":"https:\/\/lagabare.apmlc41.fr\/index.php\/wp-json\/wp\/v2\/pages"}],"about":[{"href":"https:\/\/lagabare.apmlc41.fr\/index.php\/wp-json\/wp\/v2\/types\/page"}],"author":[{"embeddable":true,"href":"https:\/\/lagabare.apmlc41.fr\/index.php\/wp-json\/wp\/v2\/users\/2"}],"replies":[{"embeddable":true,"href":"https:\/\/lagabare.apmlc41.fr\/index.php\/wp-json\/wp\/v2\/comments?post=823"}],"version-history":[{"count":13,"href":"https:\/\/lagabare.apmlc41.fr\/index.php\/wp-json\/wp\/v2\/pages\/823\/revisions"}],"predecessor-version":[{"id":1410,"href":"https:\/\/lagabare.apmlc41.fr\/index.php\/wp-json\/wp\/v2\/pages\/823\/revisions\/1410"}],"wp:attachment":[{"href":"https:\/\/lagabare.apmlc41.fr\/index.php\/wp-json\/wp\/v2\/media?parent=823"}],"curies":[{"name":"wp","href":"https:\/\/api.w.org\/{rel}","templated":true}]}}